{"id":2,"date":"2024-01-15T21:38:17","date_gmt":"2024-01-15T19:38:17","guid":{"rendered":"https:\/\/blog.rat.id.lv\/?page_id=2"},"modified":"2024-01-20T13:53:22","modified_gmt":"2024-01-20T11:53:22","slug":"paraug-lapa","status":"publish","type":"page","link":"https:\/\/latviskaisvegans.rat.id.lv\/","title":{"rendered":""},"content":{"rendered":"<style type='text\/css' media='all'>#rt-tpg-container-2971919848 .rt-holder .rt-woo-info .price{color:#9b0106;}body .rt-tpg-container .rt-tpg-isotope-buttons .selected,\n\t\t\t\t\t#rt-tpg-container-2971919848 .layout12 .rt-holder:hover .rt-detail,\n\t\t\t\t\t#rt-tpg-container-2971919848 .isotope8 .rt-holder:hover .rt-detail,\n\t\t\t\t\t#rt-tpg-container-2971919848 .carousel8 .rt-holder:hover .rt-detail,\n\t\t\t\t\t#rt-tpg-container-2971919848 .layout13 .rt-holder .overlay .post-info,\n\t\t\t\t\t#rt-tpg-container-2971919848 .isotope9 .rt-holder .overlay .post-info,\n\t\t\t\t\t#rt-tpg-container-2971919848.rt-tpg-container .layout4 .rt-holder .rt-detail,\n\t\t\t\t\t.rt-modal-2971919848 .md-content,\n\t\t\t\t\t.rt-modal-2971919848 .md-content > .rt-md-content-holder .rt-md-content,\n\t\t\t\t\t.rt-popup-wrap-2971919848.rt-popup-wrap .rt-popup-navigation-wrap,\n\t\t\t\t\t#rt-tpg-container-2971919848 .carousel9 .rt-holder .overlay .post-info{background-color:#9b0106;}#rt-tpg-container-2971919848 .layout5 .rt-holder .overlay, #rt-tpg-container-2971919848 .isotope2 .rt-holder .overlay, #rt-tpg-container-2971919848 .carousel2 .rt-holder .overlay,#rt-tpg-container-2971919848 .layout15 .rt-holder h3, #rt-tpg-container-2971919848 .isotope11 .rt-holder h3, #rt-tpg-container-2971919848 .carousel11 .rt-holder h3, #rt-tpg-container-2971919848 .layout16 .rt-holder h3,\n\t\t\t\t\t#rt-tpg-container-2971919848 .isotope12 .rt-holder h3, #rt-tpg-container-2971919848 .carousel12 .rt-holder h3 {background-color:rgba(155,1,6,0.8);}#rt-tpg-container-2971919848 .read-more a{border-radius:px;}#rt-tpg-container-2971919848 .rt-img-holder img.rt-img-responsive,#rt-tpg-container-2971919848 .rt-img-holder,\n\t\t\t\t\t#rt-tpg-container-2971919848 .rt-post-overlay .post-img,\n\t\t\t\t\t#rt-tpg-container-2971919848 .post-sm .post-img,\n\t\t\t\t\t#rt-tpg-container-2971919848 .rt-post-grid .post-img,\n\t\t\t\t\t#rt-tpg-container-2971919848 .post-img img {border-radius:px;}<\/style><div class='rt-container-fluid rt-tpg-container tpg-shortcode-main-wrapper ' id='rt-tpg-container-2971919848'   data-layout='layout1' data-grid-style='even' data-desktop-col='4'  data-tab-col='2'  data-mobile-col='1' data-sc-id='113'><div class=\"tpg-widget-heading-wrapper heading-style1 \"><span class=\"tpg-widget-heading-line line-left\"><\/span><h2 class=\"tpg-widget-heading\">Receptes<\/h2><span class=\"tpg-widget-heading-line\"><\/span><\/div><div data-title='Loading ...' class='rt-row rt-content-loader   layout1 tpg-even '><div class=\"rt-col-md-3 rt-col-sm-6 rt-col-xs-12 even-grid-item rt-grid-item\" data-id=\"175\"><div class=\"rt-holder\"><div class=\"rt-img-holder\"><a data-id=\"175\" class=\"\" href=\"https:\/\/latviskaisvegans.rat.id.lv\/?p=175\"><img loading=\"lazy\" decoding=\"async\" width=\"800\" height=\"800\" src=\"https:\/\/latviskaisvegans.rat.id.lv\/wp-content\/uploads\/2024\/01\/krekerisi.jpg\" class=\"rt-img-responsive \" alt=\"\" \/><\/a><\/div><div class='rt-detail'><h3 class=\"entry-title\"><a data-id=\"175\" class=\"\" href=\"https:\/\/latviskaisvegans.rat.id.lv\/?p=175\">Zir\u0146u krekeri<\/a><\/h3><div class='tpg-excerpt'>Ko ies\u0101kt ar \u0161\u0137elto zir\u0146u biezumiem p\u0113c piena\/kr\u0113ma vai biezpiena gatavo\u0161anas? Uzcep krekerus! Sast\u0101vda\u013cas: Pagatavo\u0161ana:...<\/div><\/div><\/div><\/div><div class=\"rt-col-md-3 rt-col-sm-6 rt-col-xs-12 even-grid-item rt-grid-item\" data-id=\"169\"><div class=\"rt-holder\"><div class=\"rt-img-holder\"><a data-id=\"169\" class=\"\" href=\"https:\/\/latviskaisvegans.rat.id.lv\/?p=169\"><img loading=\"lazy\" decoding=\"async\" width=\"800\" height=\"800\" src=\"https:\/\/latviskaisvegans.rat.id.lv\/wp-content\/uploads\/2024\/01\/zupucis.jpg\" class=\"rt-img-responsive \" alt=\"\" \/><\/a><\/div><div class='rt-detail'><h3 class=\"entry-title\"><a data-id=\"169\" class=\"\" href=\"https:\/\/latviskaisvegans.rat.id.lv\/?p=169\">Bie\u0161u zupa<\/a><\/h3><div class='tpg-excerpt'>Protams, bie\u0161u zupu var vienk\u0101r\u0161i pagatavot tikai ar d\u0101rze\u0146iem, ta\u010du tiem, kam pras\u0101s kl\u0101t sme\u0137\u012bti...<\/div><\/div><\/div><\/div><div class=\"rt-col-md-3 rt-col-sm-6 rt-col-xs-12 even-grid-item rt-grid-item\" data-id=\"165\"><div class=\"rt-holder\"><div class=\"rt-img-holder\"><a data-id=\"165\" class=\"\" href=\"https:\/\/latviskaisvegans.rat.id.lv\/?p=165\"><img loading=\"lazy\" decoding=\"async\" width=\"800\" height=\"800\" src=\"https:\/\/latviskaisvegans.rat.id.lv\/wp-content\/uploads\/2024\/01\/pudinni.jpg\" class=\"rt-img-responsive \" alt=\"\" \/><\/a><\/div><div class='rt-detail'><h3 class=\"entry-title\"><a data-id=\"165\" class=\"\" href=\"https:\/\/latviskaisvegans.rat.id.lv\/?p=165\">Lins\u0113klu pudi\u0146\u0161<\/a><\/h3><div class='tpg-excerpt'>Ja Tev pat\u012bk na\u0161\u0137oties, ta\u010du v\u0113lies to dar\u012bt vesel\u012bg\u0101k, iesaku pam\u0113\u0123in\u0101t \u0161o recepti. \u012apa\u0161i var\u0113tu...<\/div><\/div><\/div><\/div><div class=\"rt-col-md-3 rt-col-sm-6 rt-col-xs-12 even-grid-item rt-grid-item\" data-id=\"141\"><div class=\"rt-holder\"><div class=\"rt-img-holder\"><a data-id=\"141\" class=\"\" href=\"https:\/\/latviskaisvegans.rat.id.lv\/?p=141\"><img loading=\"lazy\" decoding=\"async\" width=\"864\" height=\"864\" src=\"https:\/\/latviskaisvegans.rat.id.lv\/wp-content\/uploads\/2024\/01\/falafelis.jpg\" class=\"rt-img-responsive \" alt=\"\" \/><\/a><\/div><div class='rt-detail'><h3 class=\"entry-title\"><a data-id=\"141\" class=\"\" href=\"https:\/\/latviskaisvegans.rat.id.lv\/?p=141\">Latviskie falafeli<\/a><\/h3><div class='tpg-excerpt'>Falafelus tradicion\u0101li gatavo no turku zir\u0146iem, ta\u010du nejau\u0161i atkl\u0101ju, k\u0101 var pan\u0101kt ko \u013coti l\u012bdz\u012bgu...<\/div><\/div><\/div><\/div><div class=\"rt-col-md-3 rt-col-sm-6 rt-col-xs-12 even-grid-item rt-grid-item\" data-id=\"96\"><div class=\"rt-holder\"><div class=\"rt-img-holder\"><a data-id=\"96\" class=\"\" href=\"https:\/\/latviskaisvegans.rat.id.lv\/?p=96\"><img loading=\"lazy\" decoding=\"async\" width=\"785\" height=\"785\" src=\"https:\/\/latviskaisvegans.rat.id.lv\/wp-content\/uploads\/2024\/01\/hjumuss.jpg\" class=\"rt-img-responsive \" alt=\"\" \/><\/a><\/div><div class='rt-detail'><h3 class=\"entry-title\"><a data-id=\"96\" class=\"\" href=\"https:\/\/latviskaisvegans.rat.id.lv\/?p=96\">\u0160\u0137elto zir\u0146u humuss<\/a><\/h3><div class='tpg-excerpt'>Ja Tev gar\u0161o humuss, ta\u010du nev\u0113lies p\u0101rt\u0113r\u0113ties gatavam humusam vai turku zir\u0146iem, pied\u0101v\u0101ju br\u012bni\u0161\u0137\u012bgu \u0161\u0137elto...<\/div><\/div><\/div><\/div><div class=\"rt-col-md-3 rt-col-sm-6 rt-col-xs-12 even-grid-item rt-grid-item\" data-id=\"91\"><div class=\"rt-holder\"><div class=\"rt-img-holder\"><a data-id=\"91\" class=\"\" href=\"https:\/\/latviskaisvegans.rat.id.lv\/?p=91\"><img loading=\"lazy\" decoding=\"async\" width=\"1600\" height=\"1600\" src=\"https:\/\/latviskaisvegans.rat.id.lv\/wp-content\/uploads\/2024\/01\/kjabitsu1.jpeg\" class=\"rt-img-responsive \" alt=\"\" \/><\/a><\/div><div class='rt-detail'><h3 class=\"entry-title\"><a data-id=\"91\" class=\"\" href=\"https:\/\/latviskaisvegans.rat.id.lv\/?p=91\">Kaba\u010du \u0161okol\u0101des k\u0113kss<\/a><\/h3><div class='tpg-excerpt'>N\u0113, kaba\u010dus \u0161aj\u0101 k\u0113ks\u0101 pat nejut\u012bsi, ta\u010du vari teikt ardievas sausiem un bl\u012bviem centieniem m\u0101j\u0101s...<\/div><\/div><\/div><\/div><div class=\"rt-col-md-3 rt-col-sm-6 rt-col-xs-12 even-grid-item rt-grid-item\" data-id=\"1\"><div class=\"rt-holder\"><div class=\"rt-img-holder\"><a data-id=\"1\" class=\"\" href=\"https:\/\/latviskaisvegans.rat.id.lv\/?p=1\"><img loading=\"lazy\" decoding=\"async\" width=\"844\" height=\"844\" src=\"https:\/\/latviskaisvegans.rat.id.lv\/wp-content\/uploads\/2024\/01\/frikadeles_new.jpg\" class=\"rt-img-responsive \" alt=\"\" \/><\/a><\/div><div class='rt-detail'><h3 class=\"entry-title\"><a data-id=\"1\" class=\"\" href=\"https:\/\/latviskaisvegans.rat.id.lv\/?p=1\">Sojas frikadeles<\/a><\/h3><div class='tpg-excerpt'>Pirm\u0101 bloga recepte ir klasika katra latvie\u0161a virtuv\u0113 &#8211; frikadeles. Vissme\u0137\u012bg\u0101k, protams, t\u0101s baud\u012bt frikade\u013cu...<\/div><\/div><\/div><\/div><\/div><\/div>\n","protected":false},"excerpt":{"rendered":"","protected":false},"author":1,"featured_media":0,"parent":0,"menu_order":0,"comment_status":"closed","ping_status":"open","template":"","meta":{"footnotes":""},"class_list":["post-2","page","type-page","status-publish","hentry"],"rttpg_featured_image_url":null,"rttpg_author":{"display_name":"Latviskais veg\u0101ns","author_link":"https:\/\/latviskaisvegans.rat.id.lv\/?author=1"},"rttpg_comment":0,"rttpg_category":"","rttpg_excerpt":null,"_links":{"self":[{"href":"https:\/\/latviskaisvegans.rat.id.lv\/index.php?rest_route=\/wp\/v2\/pages\/2","targetHints":{"allow":["GET"]}}],"collection":[{"href":"https:\/\/latviskaisvegans.rat.id.lv\/index.php?rest_route=\/wp\/v2\/pages"}],"about":[{"href":"https:\/\/latviskaisvegans.rat.id.lv\/index.php?rest_route=\/wp\/v2\/types\/page"}],"author":[{"embeddable":true,"href":"https:\/\/latviskaisvegans.rat.id.lv\/index.php?rest_route=\/wp\/v2\/users\/1"}],"replies":[{"embeddable":true,"href":"https:\/\/latviskaisvegans.rat.id.lv\/index.php?rest_route=%2Fwp%2Fv2%2Fcomments&post=2"}],"version-history":[{"count":4,"href":"https:\/\/latviskaisvegans.rat.id.lv\/index.php?rest_route=\/wp\/v2\/pages\/2\/revisions"}],"predecessor-version":[{"id":139,"href":"https:\/\/latviskaisvegans.rat.id.lv\/index.php?rest_route=\/wp\/v2\/pages\/2\/revisions\/139"}],"wp:attachment":[{"href":"https:\/\/latviskaisvegans.rat.id.lv\/index.php?rest_route=%2Fwp%2Fv2%2Fmedia&parent=2"}],"curies":[{"name":"wp","href":"https:\/\/api.w.org\/{rel}","templated":true}]}}